{"id":1429,"date":"2025-07-29T17:35:15","date_gmt":"2025-07-29T15:35:15","guid":{"rendered":"https:\/\/avanxel.com\/es\/?page_id=1429"},"modified":"2025-07-29T17:39:49","modified_gmt":"2025-07-29T15:39:49","slug":"aviso-legal","status":"publish","type":"page","link":"https:\/\/avanxel.com\/es\/aviso-legal\/","title":{"rendered":"Aviso legal"},"content":{"rendered":"<p><strong>1.- Derecho de la informaci\u00f3n<\/strong><\/p>\n<p>Le informamos que este Sitio Web https:\/\/www.avanxel.com\/ (en adelante, el \u201c<strong><em>Sitio Web<\/em><\/strong>\u201d) es titularidad de Estetica Activa 360 S.L.(en adelante, \u201c<strong><em>AVANXEL\u201d<\/em><\/strong>), con N.I.F. B42993527 y domicilio social en Laguna del Marquesado n\u00ba 10, nave 15, 28021 Madrid.<\/p>\n<p>El acceso y\/o uso del Sitio Web le atribuye la condici\u00f3n de usuario, y acepta, desde dicho acceso y\/o uso, el presente Aviso Legal.<\/p>\n<p>El usuario (en adelante, el \u201c<strong>Usuario<\/strong>\u201d) puede ponerse en contacto con AVANXEL a trav\u00e9s de la siguiente direcci\u00f3n de correo electr\u00f3nico: avanxel@avanxel.com, o trav\u00e9s del n\u00famero de tel\u00e9fono: +34 913806097<\/p>\n<p>&nbsp;<\/p>\n<p><strong>2.- Uso del Sitio Web<\/strong><\/p>\n<p>El Usuario asume la responsabilidad del uso del Sitio Web. El Sitio Web puede proporcionar acceso a multitud de textos, gr\u00e1ficos, dibujos, dise\u00f1os, fotograf\u00edas, contenidos multimedia, e informaciones (en adelante, \u00ab<strong><em>Contenidos<\/em><\/strong>\u00ab) pertenecientes a AVANXEL o a terceros a los que el Usuario puede tener acceso.<\/p>\n<p>El Usuario se compromete a hacer un uso adecuado de los Contenidos y servicios ofrecidos a trav\u00e9s del Sitio Web y con car\u00e1cter enunciativo, pero no limitativo, a no emplearlos para:<\/p>\n<ul>\n<li>Incurrir en actividades il\u00edcitas, ilegales o contrarias a la buena fe y al orden p\u00fablico.<\/li>\n<li>Provocar da\u00f1os en los sistemas f\u00edsicos y l\u00f3gicos del Sitio Web de AVANXEL, de sus proveedores o de terceras personas.<\/li>\n<li>Introducir o difundir en la red virus inform\u00e1ticos o cualesquiera otros sistemas f\u00edsicos o l\u00f3gicos que sean susceptibles de provocar los da\u00f1os anteriormente mencionados.<\/li>\n<li>Intentar acceder, utilizar y\/o manipular los datos de AVANXEL, terceros proveedores y otros usuarios.<\/li>\n<li>Reproducir o copiar, distribuir, permitir el acceso del p\u00fablico a trav\u00e9s de cualquier modalidad de comunicaci\u00f3n p\u00fablica, transformar o modificar los Contenidos, a menos que se cuente con la autorizaci\u00f3n de AVANXEL.<\/li>\n<li>Suprimir, ocultar o manipular los Contenidos sujetos a derechos de propiedad intelectual o industrial y dem\u00e1s datos identificativos de dichos derechos de AVANXEL o de terceros incorporados a los Contenidos, as\u00ed como los dispositivos t\u00e9cnicos de protecci\u00f3n o cualesquiera mecanismos de informaci\u00f3n que puedan insertarse en los Contenidos.<\/li>\n<\/ul>\n<p>AVANXEL advierte de que los materiales contenidos en este Sitio Web han sido incluidos a mero t\u00edtulo informativo, por lo que resultan insuficientes para tomar decisiones o asumir posiciones en un caso concreto.<\/p>\n<p>El Usuario debe tener en cuenta que los materiales contenidos en este Sitio Web pudieran no reflejar el estado legislativo o jurisprudencial m\u00e1s reciente sobre las cuestiones analizadas. Asimismo, estos materiales pueden ser modificados, desarrollados o actualizados sin notificaci\u00f3n previa.<\/p>\n<p>AVANXEL tendr\u00e1 derecho a investigar y denunciar cualquiera de las conductas mencionadas de acuerdo con la Ley, as\u00ed como a colaborar con las autoridades en la investigaci\u00f3n de dichas actuaciones.<\/p>\n<p>AVANXEL podr\u00e1 suspender temporalmente y sin previo aviso, la accesibilidad al Sitio Web con motivo de operaciones de mantenimiento, reparaci\u00f3n, actualizaci\u00f3n o mejora. No obstante, siempre que las circunstancias lo permitan, AVANXEL comunicar\u00e1 al Usuario, con antelaci\u00f3n suficiente, la fecha prevista para la suspensi\u00f3n de los servicios. AVANXEL no se responsabiliza del uso que los Usuarios puedan hacer de los Contenidos incluidos en el Sitio Web.<\/p>\n<p>&nbsp;<\/p>\n<p><strong>3.- Propiedad Intelectual e Industrial<\/strong><\/p>\n<p>Todos y cada uno de los derechos de propiedad intelectual sobre el contenido y el dise\u00f1o gr\u00e1fico de este Sitio Web (a t\u00edtulo enunciativo, im\u00e1genes, sonido, audio, v\u00eddeo, software o textos; marcas o logotipos, combinaciones de colores, estructura y dise\u00f1o, selecci\u00f3n de materiales usados, programas de ordenador necesarios para su funcionamiento, acceso y uso, etc.) son propiedad exclusiva de AVANXEL o de un tercero que AVANXEL haya autorizado su uso. Por tanto, AVANXEL tiene el derecho exclusivo de explotaci\u00f3n de dichos contenidos y dise\u00f1o gr\u00e1fico.<\/p>\n<p>Por ello, en virtud de lo dispuesto en el Real Decreto Legislativo 1\/1996, de 12 de abril, por el que se aprueba el Texto Refundido de la Ley de Propiedad Intelectual, y en la Ley 17\/2001, de 7 de diciembre, de Marcas, de 7 de diciembre, de Marcas, as\u00ed como cualquier otra legislaci\u00f3n complementaria en materia de propiedad intelectual e industrial, queda prohibida la reproducci\u00f3n, transmisi\u00f3n, adaptaci\u00f3n, traducci\u00f3n, distribuci\u00f3n o comunicaci\u00f3n p\u00fablica, incluida la puesta a disposici\u00f3n o cualquier otra forma de explotaci\u00f3n comercial y\/o modificaci\u00f3n de todo o parte del contenido del Sitio Web, salvo autorizaci\u00f3n previa y expresa de AVANXEL .<\/p>\n<p>AVANXEL no concede ninguna licencia o autorizaci\u00f3n para utilizar ninguno de sus derechos de propiedad intelectual e industrial o cualquier otra propiedad o derecho relacionado con el Sitio Web y\/o los servicios o contenidos de la misma.<\/p>\n<p>El Usuario se compromete a respetar los derechos de Propiedad Intelectual e Industrial titularidad de AVANXEL. Se permite, en este sentido, la reproducci\u00f3n y almacenamiento temporal de los contenidos del Sitio Web en tanto ello sea estrictamente necesario para el uso y visualizaci\u00f3n del Sitio Web desde un ordenador\/Tablet o tel\u00e9fono personal.<\/p>\n<p>La legitimidad de los derechos de propiedad intelectual o industrial sobre los contenidos aportados por los Usuarios es de la exclusiva responsabilidad de los mismos, que responder\u00e1n frente a cualquier reclamaci\u00f3n de terceros derivada del uso il\u00edcito de los contenidos del Sitio Web.<\/p>\n<p>Para realizar cualquier tipo de observaci\u00f3n respecto a posibles incumplimientos de los derechos de propiedad intelectual o industrial, as\u00ed como sobre cualquiera de los contenidos del sitio web, puede hacerlo a trav\u00e9s del correo electr\u00f3nico [correo]<\/p>\n<p>&nbsp;<\/p>\n<p><strong>4.- Protecci\u00f3n de datos<\/strong><\/p>\n<p>El uso de este Sitio Web puede requerir que los Usuarios proporcionen datos personales. AVANXEL trata este tipo de informaci\u00f3n de acuerdo con la legislaci\u00f3n aplicable, y la recoge en su <a href=\"https:\/\/www.avanxel.com\/politica-de-privacidad\/\">Pol\u00edtica de Privacidad<\/a>.<\/p>\n<p>&nbsp;<\/p>\n<p><strong>5.- Responsabilidad y Garant\u00edas<\/strong><\/p>\n<p>AVANXEL declara que ha adoptado todas las medidas necesarias, dentro de sus posibilidades y teniendo en cuenta el estado actual de la tecnolog\u00eda, para permitir el correcto funcionamiento y la ausencia de virus y componentes da\u00f1inos en su Sitio Web.<\/p>\n<p>Sin embargo, AVANXEL no puede ser considerada responsable por:<\/p>\n<ul>\n<li>la falta de continuidad y disponibilidad de los Contenidos y Servicios;<\/li>\n<li>la presencia de errores en dicho Contenido o la falta de correcci\u00f3n de los defectos que pudieran existir;<\/li>\n<li>la veracidad, integridad o actualizaci\u00f3n de los datos facilitados por los Usuarios;<\/li>\n<li>la interrupci\u00f3n del funcionamiento del Sitio Web o fallos inform\u00e1ticos, aver\u00edas telef\u00f3nicas, desconexiones, retrasos o bloqueos causados por deficiencias o sobrecargas en las l\u00edneas telef\u00f3nicas, centros de datos, en el sistema de Internet o en otros sistemas electr\u00f3nicos, producidos en el curso de su funcionamiento;<\/li>\n<li>la presencia de virus u otros componentes da\u00f1inos;<\/li>\n<li>cualquier da\u00f1o causado por terceros que infrinjan o vulneren los sistemas de seguridad de AVANXEL.<\/li>\n<\/ul>\n<p>AVANXEL podr\u00e1 suspender temporalmente y sin previo aviso, la accesibilidad al Sitio Web con motivo de operaciones de mantenimiento, reparaci\u00f3n, actualizaci\u00f3n o mejora. No obstante, siempre que las circunstancias lo permitan, AVANXEL comunicar\u00e1 al Usuario, con antelaci\u00f3n suficiente, la fecha prevista para la suspensi\u00f3n de los Servicios.<\/p>\n<p>AVANXEL no se responsabiliza del uso que los Usuarios puedan hacer de los Contenidos incluidos en el Sitio Web.<\/p>\n<p>&nbsp;<\/p>\n<p><strong>6.- Duraci\u00f3n y modificaci\u00f3n<\/strong><\/p>\n<p>El presente Aviso Legal estar\u00e1 vigente con car\u00e1cter indefinido, pudiendo AVANXEL efectuar cambios sobre las condiciones especificadas en el mismo, y que entrar\u00e1n en vigor desde el momento de su publicaci\u00f3n.<\/p>\n<p>AVANXEL podr\u00e1 suprimir, a\u00f1adir o cambiar tanto los Contenidos como los servicios que presta, as\u00ed como tambi\u00e9n la forma en la que los mismos aparezcan localizados o presentados. Se entienden como vigentes, las condiciones que est\u00e9n publicadas en el momento en el que el Usuario acceda al Sitio Web de AVANXEL.<\/p>\n<p>El acceso y\/o el uso del Sitio Web se entender\u00e1 como una aceptaci\u00f3n por parte del Usuario del presente Aviso Legal y sus condiciones y, en su caso, los cambios efectuados en las mismas.<\/p>\n<p>&nbsp;<\/p>\n<p><strong>7.- Hiperv\u00ednculos<\/strong><\/p>\n<p>AVANXEL no asume ninguna responsabilidad sobre los enlaces a otras aplicaciones o sitios web que se encuentren en el Sitio Web de AVANXEL, pudiendo dirigir al Usuario a otras aplicaciones o sitios web sobre los que AVANXEL no tiene ning\u00fan tipo de control.<\/p>\n<p>En este sentido, AVANXEL no se hace responsable de la informaci\u00f3n contenida en estos enlaces de terceros ni de cualesquiera efectos que pudieran derivarse de dicha informaci\u00f3n.<\/p>\n<p>Por lo tanto, la inclusi\u00f3n de v\u00ednculos con otros sitios web o aplicaciones no implica la aprobaci\u00f3n de sus contenidos por parte de AVANXEL ni la existencia de ning\u00fan tipo de asociaci\u00f3n entre AVANXEL y sus titulares.<\/p>\n<p>En consecuencia, el Usuario accede bajo su exclusiva responsabilidad al Contenido y en las condiciones de uso que rijan en los mismos.<\/p>\n<p>&nbsp;<\/p>\n<p><strong>8.- Salvaguardia e interpretaci\u00f3n<\/strong><\/p>\n<p>Este Aviso Legal constituye un acuerdo entre cada uno de los Usuarios y AVANXEL.<\/p>\n<p>Si la autoridad competente declara que una disposici\u00f3n es ilegal, inv\u00e1lida o inaplicable, dicha declaraci\u00f3n con respecto a una o varias cl\u00e1usulas se entender\u00e1 sin perjuicio de la validez de las dem\u00e1s cl\u00e1usulas.<\/p>\n<p>El hecho de que AVANXEL no exija el cumplimiento estricto de ninguna de las disposiciones del presente Aviso Legal no constituye ni puede interpretarse en modo alguno como una renuncia de su parte a exigir el cumplimiento estricto en el futuro.<\/p>\n<p>&nbsp;<\/p>\n<p><strong>9.- Informaci\u00f3n General<\/strong><\/p>\n<p>AVANXEL perseguir\u00e1 el incumplimiento del presente Aviso Legal, as\u00ed como cualquier utilizaci\u00f3n indebida de su portal, ejerciendo todas las acciones civiles y penales que le puedan corresponder en derecho.<\/p>\n<p>&nbsp;<\/p>\n<p><strong>10.- Notificaciones<\/strong><\/p>\n<p>AVANXEL podr\u00e1 realizar las oportunas comunicaciones a trav\u00e9s de la direcci\u00f3n de correo electr\u00f3nico facilitada por los Usuarios en los formularios de registro o a trav\u00e9s de cualquier otro medio facilitado en los datos de contacto del Usuario.<\/p>\n<p>&nbsp;<\/p>\n","protected":false},"excerpt":{"rendered":"<p>1.- Derecho de la informaci\u00f3n Le informamos que este Sitio Web https:\/\/www.avanxel.com\/ (en adelante, el \u201cSitio Web\u201d) es titularidad de Estetica Activa 360 S.L.(en adelante, \u201cAVANXEL\u201d), con N.I.F. B42993527 y domicilio social en Laguna del Marquesado n\u00ba 10, nave 15, 28021 Madrid. El acceso y\/o uso del Sitio Web le atribuye la condici\u00f3n de usuario, [&hellip;]<\/p>\n","protected":false},"author":1,"featured_media":0,"parent":0,"menu_order":510,"comment_status":"closed","ping_status":"closed","template":"","meta":{"footnotes":""},"class_list":["post-1429","page","type-page","status-publish","hentry"],"yoast_head":"<!-- This site is optimized with the Yoast SEO plugin v26.7 - https:\/\/yoast.com\/wordpress\/plugins\/seo\/ -->\n<title>Aviso legal - Avanxel<\/title>\n<meta name=\"robots\" content=\"noindex, follow\" \/>\n<meta property=\"og:locale\" content=\"es_ES\" \/>\n<meta property=\"og:type\" content=\"article\" \/>\n<meta property=\"og:title\" content=\"Aviso legal - Avanxel\" \/>\n<meta property=\"og:description\" content=\"1.- Derecho de la informaci\u00f3n Le informamos que este Sitio Web https:\/\/www.avanxel.com\/ (en adelante, el \u201cSitio Web\u201d) es titularidad de Estetica Activa 360 S.L.(en adelante, \u201cAVANXEL\u201d), con N.I.F. B42993527 y domicilio social en Laguna del Marquesado n\u00ba 10, nave 15, 28021 Madrid. El acceso y\/o uso del Sitio Web le atribuye la condici\u00f3n de usuario, [&hellip;]\" \/>\n<meta property=\"og:url\" content=\"https:\/\/avanxel.com\/es\/aviso-legal\/\" \/>\n<meta property=\"og:site_name\" content=\"Avanxel\" \/>\n<meta property=\"article:publisher\" content=\"https:\/\/www.facebook.com\/avanxel\" \/>\n<meta property=\"article:modified_time\" content=\"2025-07-29T15:39:49+00:00\" \/>\n<meta property=\"og:image\" content=\"https:\/\/avanxel.com\/es\/wp-content\/uploads\/2025\/07\/avanxel-logo-fondo-blanco-300x300-1.png\" \/>\n\t<meta property=\"og:image:width\" content=\"300\" \/>\n\t<meta property=\"og:image:height\" content=\"300\" \/>\n\t<meta property=\"og:image:type\" content=\"image\/png\" \/>\n<meta name=\"twitter:card\" content=\"summary_large_image\" \/>\n<meta name=\"twitter:site\" content=\"@avanxel\" \/>\n<script type=\"application\/ld+json\" class=\"yoast-schema-graph\">{\"@context\":\"https:\/\/schema.org\",\"@graph\":[{\"@type\":\"WebPage\",\"@id\":\"https:\/\/avanxel.com\/es\/aviso-legal\/\",\"url\":\"https:\/\/avanxel.com\/es\/aviso-legal\/\",\"name\":\"Aviso legal - Avanxel\",\"isPartOf\":{\"@id\":\"https:\/\/avanxel.com\/es\/#website\"},\"datePublished\":\"2025-07-29T15:35:15+00:00\",\"dateModified\":\"2025-07-29T15:39:49+00:00\",\"breadcrumb\":{\"@id\":\"https:\/\/avanxel.com\/es\/aviso-legal\/#breadcrumb\"},\"inLanguage\":\"es\",\"potentialAction\":[{\"@type\":\"ReadAction\",\"target\":[\"https:\/\/avanxel.com\/es\/aviso-legal\/\"]}]},{\"@type\":\"BreadcrumbList\",\"@id\":\"https:\/\/avanxel.com\/es\/aviso-legal\/#breadcrumb\",\"itemListElement\":[{\"@type\":\"ListItem\",\"position\":1,\"name\":\"Portada\",\"item\":\"https:\/\/avanxel.com\/es\/\"},{\"@type\":\"ListItem\",\"position\":2,\"name\":\"Aviso legal\"}]},{\"@type\":\"WebSite\",\"@id\":\"https:\/\/avanxel.com\/es\/#website\",\"url\":\"https:\/\/avanxel.com\/es\/\",\"name\":\"Avanxel\",\"description\":\"Aparatolog\u00eda est\u00e9tica de vanguardia\",\"publisher\":{\"@id\":\"https:\/\/avanxel.com\/es\/#organization\"},\"potentialAction\":[{\"@type\":\"SearchAction\",\"target\":{\"@type\":\"EntryPoint\",\"urlTemplate\":\"https:\/\/avanxel.com\/es\/?s={search_term_string}\"},\"query-input\":{\"@type\":\"PropertyValueSpecification\",\"valueRequired\":true,\"valueName\":\"search_term_string\"}}],\"inLanguage\":\"es\"},{\"@type\":\"Organization\",\"@id\":\"https:\/\/avanxel.com\/es\/#organization\",\"name\":\"Avanxel\",\"url\":\"https:\/\/avanxel.com\/es\/\",\"logo\":{\"@type\":\"ImageObject\",\"inLanguage\":\"es\",\"@id\":\"https:\/\/avanxel.com\/es\/#\/schema\/logo\/image\/\",\"url\":\"https:\/\/avanxel.com\/es\/wp-content\/uploads\/2021\/07\/avanxel-logo_250x150.png\",\"contentUrl\":\"https:\/\/avanxel.com\/es\/wp-content\/uploads\/2021\/07\/avanxel-logo_250x150.png\",\"width\":250,\"height\":150,\"caption\":\"Avanxel\"},\"image\":{\"@id\":\"https:\/\/avanxel.com\/es\/#\/schema\/logo\/image\/\"},\"sameAs\":[\"https:\/\/www.facebook.com\/avanxel\",\"https:\/\/x.com\/avanxel\",\"https:\/\/www.instagram.com\/avanxel_oficial\/\",\"https:\/\/www.linkedin.com\/company\/avanxel\",\"https:\/\/www.pinterest.es\/avanxel\/\"]}]}<\/script>\n<!-- \/ Yoast SEO plugin. -->","yoast_head_json":{"title":"Aviso legal - Avanxel","robots":{"index":"noindex","follow":"follow"},"og_locale":"es_ES","og_type":"article","og_title":"Aviso legal - Avanxel","og_description":"1.- Derecho de la informaci\u00f3n Le informamos que este Sitio Web https:\/\/www.avanxel.com\/ (en adelante, el \u201cSitio Web\u201d) es titularidad de Estetica Activa 360 S.L.(en adelante, \u201cAVANXEL\u201d), con N.I.F. B42993527 y domicilio social en Laguna del Marquesado n\u00ba 10, nave 15, 28021 Madrid. El acceso y\/o uso del Sitio Web le atribuye la condici\u00f3n de usuario, [&hellip;]","og_url":"https:\/\/avanxel.com\/es\/aviso-legal\/","og_site_name":"Avanxel","article_publisher":"https:\/\/www.facebook.com\/avanxel","article_modified_time":"2025-07-29T15:39:49+00:00","og_image":[{"width":300,"height":300,"url":"https:\/\/avanxel.com\/es\/wp-content\/uploads\/2025\/07\/avanxel-logo-fondo-blanco-300x300-1.png","type":"image\/png"}],"twitter_card":"summary_large_image","twitter_site":"@avanxel","schema":{"@context":"https:\/\/schema.org","@graph":[{"@type":"WebPage","@id":"https:\/\/avanxel.com\/es\/aviso-legal\/","url":"https:\/\/avanxel.com\/es\/aviso-legal\/","name":"Aviso legal - Avanxel","isPartOf":{"@id":"https:\/\/avanxel.com\/es\/#website"},"datePublished":"2025-07-29T15:35:15+00:00","dateModified":"2025-07-29T15:39:49+00:00","breadcrumb":{"@id":"https:\/\/avanxel.com\/es\/aviso-legal\/#breadcrumb"},"inLanguage":"es","potentialAction":[{"@type":"ReadAction","target":["https:\/\/avanxel.com\/es\/aviso-legal\/"]}]},{"@type":"BreadcrumbList","@id":"https:\/\/avanxel.com\/es\/aviso-legal\/#breadcrumb","itemListElement":[{"@type":"ListItem","position":1,"name":"Portada","item":"https:\/\/avanxel.com\/es\/"},{"@type":"ListItem","position":2,"name":"Aviso legal"}]},{"@type":"WebSite","@id":"https:\/\/avanxel.com\/es\/#website","url":"https:\/\/avanxel.com\/es\/","name":"Avanxel","description":"Aparatolog\u00eda est\u00e9tica de vanguardia","publisher":{"@id":"https:\/\/avanxel.com\/es\/#organization"},"potentialAction":[{"@type":"SearchAction","target":{"@type":"EntryPoint","urlTemplate":"https:\/\/avanxel.com\/es\/?s={search_term_string}"},"query-input":{"@type":"PropertyValueSpecification","valueRequired":true,"valueName":"search_term_string"}}],"inLanguage":"es"},{"@type":"Organization","@id":"https:\/\/avanxel.com\/es\/#organization","name":"Avanxel","url":"https:\/\/avanxel.com\/es\/","logo":{"@type":"ImageObject","inLanguage":"es","@id":"https:\/\/avanxel.com\/es\/#\/schema\/logo\/image\/","url":"https:\/\/avanxel.com\/es\/wp-content\/uploads\/2021\/07\/avanxel-logo_250x150.png","contentUrl":"https:\/\/avanxel.com\/es\/wp-content\/uploads\/2021\/07\/avanxel-logo_250x150.png","width":250,"height":150,"caption":"Avanxel"},"image":{"@id":"https:\/\/avanxel.com\/es\/#\/schema\/logo\/image\/"},"sameAs":["https:\/\/www.facebook.com\/avanxel","https:\/\/x.com\/avanxel","https:\/\/www.instagram.com\/avanxel_oficial\/","https:\/\/www.linkedin.com\/company\/avanxel","https:\/\/www.pinterest.es\/avanxel\/"]}]}},"_links":{"self":[{"href":"https:\/\/avanxel.com\/es\/wp-json\/wp\/v2\/pages\/1429","targetHints":{"allow":["GET"]}}],"collection":[{"href":"https:\/\/avanxel.com\/es\/wp-json\/wp\/v2\/pages"}],"about":[{"href":"https:\/\/avanxel.com\/es\/wp-json\/wp\/v2\/types\/page"}],"author":[{"embeddable":true,"href":"https:\/\/avanxel.com\/es\/wp-json\/wp\/v2\/users\/1"}],"replies":[{"embeddable":true,"href":"https:\/\/avanxel.com\/es\/wp-json\/wp\/v2\/comments?post=1429"}],"version-history":[{"count":2,"href":"https:\/\/avanxel.com\/es\/wp-json\/wp\/v2\/pages\/1429\/revisions"}],"predecessor-version":[{"id":1431,"href":"https:\/\/avanxel.com\/es\/wp-json\/wp\/v2\/pages\/1429\/revisions\/1431"}],"wp:attachment":[{"href":"https:\/\/avanxel.com\/es\/wp-json\/wp\/v2\/media?parent=1429"}],"curies":[{"name":"wp","href":"https:\/\/api.w.org\/{rel}","templated":true}]}}