{"id":1432,"date":"2025-07-29T17:37:29","date_gmt":"2025-07-29T15:37:29","guid":{"rendered":"https:\/\/avanxel.com\/es\/?page_id=1432"},"modified":"2025-07-29T17:39:17","modified_gmt":"2025-07-29T15:39:17","slug":"politica-de-privacidad","status":"publish","type":"page","link":"https:\/\/avanxel.com\/es\/politica-de-privacidad\/","title":{"rendered":"Pol\u00edtica de privacidad"},"content":{"rendered":"<p><strong>POL\u00cdTICA DE PRIVACIDAD<\/strong><\/p>\n<p><strong>1.- \u00bfQui\u00e9n es el responsable del tratamiento de sus datos?<\/strong><\/p>\n<p>El responsable del tratamiento de sus datos personales es Estetica Activa 360 S.L. (en adelante, \u201c<strong><em>AVANXEL\u201d<\/em><\/strong>), N.I.F. B42993527 y domicilio social en Laguna del Marquesado n\u00ba 10, nave 15, 28021 Madrid.<\/p>\n<p>La presente Pol\u00edtica de Privacidad regula el acceso y el uso del sitio web https:\/\/www.avanxel.com\/ (en adelante, el \u00ab<strong><em>Sitio Web<\/em><\/strong>\u00ab) que AVANXEL pone a disposici\u00f3n de los usuarios de Internet (en adelante, los \u00ab<strong><em>Usuarios<\/em><\/strong>\u00ab) interesados en los contenidos (en adelante, los \u00ab<strong><em>Contenidos<\/em><\/strong>\u00ab) y los servicios (en adelante, los \u00ab<strong><em>Servicios<\/em><\/strong>\u00ab) ofertados por AVANXEL en el mismo.<\/p>\n<p>Correo electr\u00f3nico de contacto: avanxel@avanxel.com<\/p>\n<p>N\u00famero de tel\u00e9fono: +34 913806097<\/p>\n<p>&nbsp;<\/p>\n<p><strong>2.- Recomendaciones<\/strong><\/p>\n<p>Por favor, lea atentamente y siga las siguientes recomendaciones:<\/p>\n<ul>\n<li>Mantenga su equipo equipado con software antivirus debidamente actualizado contra software malicioso y aplicaciones de spyware que puedan poner en peligro su navegaci\u00f3n por Internet y la informaci\u00f3n alojada en su equipo.<\/li>\n<li>Lea y revise esta Pol\u00edtica de Privacidad y todos los textos legales puestos a disposici\u00f3n por AVANXEL en el Sitio Web.<\/li>\n<\/ul>\n<p>&nbsp;<\/p>\n<p><strong>3.- Informaci\u00f3n sobre los datos que AVANXEL recopila a trav\u00e9s del Sitio Web<\/strong><\/p>\n<p>Para el correcto funcionamiento del Sitio Web, AVANXEL puede tener acceso a los siguientes datos facilitados, en su caso, por parte del Usuario:<\/p>\n<ul>\n<li>Datos de identificaci\u00f3n: nombre y apellidos del usuario.<\/li>\n<li>Datos de contacto: email y n\u00famero de tel\u00e9fono.<\/li>\n<\/ul>\n<p>&nbsp;<\/p>\n<p><strong>4.- \u00bfPor qu\u00e9 AVANXEL est\u00e1 legitimada para procesar sus datos?<\/strong><\/p>\n<p>La base de legitimaci\u00f3n de AVANXEL para el tratamiento de los datos de los Usuarios a trav\u00e9s de este Sitio Web es el consentimiento de los Usuarios al tratamiento de sus datos personales, as\u00ed como la ejecuci\u00f3n de un contrato en el que el interesado es parte o la aplicaci\u00f3n a petici\u00f3n de este de medidas precontractuales.<\/p>\n<p>En este sentido, AVANXEL trata los datos personales de los Usuarios con la finalidad de permitir la relaci\u00f3n comercial solicitada por el Usuario, para la resoluci\u00f3n de consultas que puedan plantear los Usuarios y para la remisi\u00f3n de comunicaciones comerciales y\/o Newsletters.<\/p>\n<p>Aceptando la presente Pol\u00edtica de Privacidad y marcando las casillas correspondientes, el Usuario presta su consentimiento a dicho tratamiento.<\/p>\n<p>AVANXEL se toma muy en serio la protecci\u00f3n de su privacidad y sus datos personales. Por esta raz\u00f3n, sus datos personales se conservan de forma segura y se tratan con el m\u00e1ximo cuidado, de conformidad con las disposiciones del Reglamento (UE) 2016\/679 del Parlamento Europeo y del Consejo, de 27 de abril de 2016, relativo a la protecci\u00f3n de las personas f\u00edsicas en lo que respecta al tratamiento de datos personales y a la libre circulaci\u00f3n de estos datos (el \u00abReglamento general de protecci\u00f3n de datos\u00bb o \u00ab<strong>Reglamento de protecci\u00f3n de datos <\/strong>o <strong>RGPD<\/strong>\u00ab).<\/p>\n<p>La presente Pol\u00edtica de Privacidad regula el acceso y el uso del servicio que AVANXEL pone a disposici\u00f3n del Usuario interesado en los servicios y contenidos alojados en el Sitio Web.<\/p>\n<p>Por lo que respecta a este punto, el Usuario podr\u00e1 retirar su consentimiento en cualquier momento mandando un mensaje a la siguiente direcci\u00f3n de correo electr\u00f3nico: avanxel@avanxel.com sin que ello afecte a la licitud del tratamiento basado en el consentimiento previo a su retirada.<\/p>\n<p>&nbsp;<\/p>\n<p><strong>5.- \u00bfCu\u00e1les son las finalidades del tratamiento de sus datos personales?<\/strong><\/p>\n<p>Sus datos de car\u00e1cter personal recabados por AVANXEL podr\u00e1n ser utilizados para las siguientes finalidades, seg\u00fan el consentimiento otorgado en el formulario de registro correspondiente:<\/p>\n<ul>\n<li>La prestaci\u00f3n de los servicios ofrecidos a trav\u00e9s del Sitio Web.<\/li>\n<li>La gesti\u00f3n de consultas planteadas por los Usuarios y las contrataciones de servicios realizadas por los mismos a trav\u00e9s del Sitio Web.<\/li>\n<li>Recibir por carta, tel\u00e9fono, correo electr\u00f3nico, SMS\/MMS, o por otros medios de comunicaci\u00f3n electr\u00f3nica equivalentes, comunicaciones o informaci\u00f3n sobre la actividad de AVANXEL.<\/li>\n<\/ul>\n<p>&nbsp;<\/p>\n<p><strong>6.- Veracidad de los datos facilitados por los Usuarios<\/strong><\/p>\n<p>El Usuario garantiza la veracidad de los datos personales facilitados y se compromete a comunicar a AVANXEL cualquier modificaci\u00f3n de los mismos. El Usuario responder\u00e1, en cualquier caso, de la veracidad de los datos facilitados, reserv\u00e1ndose AVANXEL el derecho a excluir de los servicios a todo Usuario que haya facilitado datos falsos, sin perjuicio de las dem\u00e1s acciones que procedan en Derecho.<\/p>\n<p>Se recomienda que los Usuarios protejan sus datos con la m\u00e1xima diligencia utilizando las herramientas de seguridad adecuadas. AVANXEL no ser\u00e1 responsable de ning\u00fan robo, modificaci\u00f3n ilegal o p\u00e9rdida de datos.<\/p>\n<p>Cualquier modificaci\u00f3n o actualizaci\u00f3n de los datos deber\u00e1 ser comunicada a AVANXEL a trav\u00e9s de los medios de comunicaci\u00f3n previstos en la presente Pol\u00edtica de Privacidad.<\/p>\n<p>&nbsp;<\/p>\n<p><strong>7.- Conservaci\u00f3n de datos <\/strong><\/p>\n<p>La protecci\u00f3n de la privacidad y de los datos personales de los Usuarios es muy importante para AVANXEL. Por lo tanto, AVANXEL hace todo lo posible para evitar que los datos del Usuario sean utilizados de manera inadecuada. S\u00f3lo el personal autorizado tiene acceso a los datos del Usuario.<\/p>\n<p>Los datos personales del Usuario se conservar\u00e1n mientras permanezca su cuenta de AVANXEL activa para los fines del tratamiento para los que han sido facilitados, siempre que el Usuario no haya revocado su consentimiento, solicitando la eliminaci\u00f3n de su cuenta o el borrado de determinados datos personales del Sitio Web.<\/p>\n<p>Posteriormente, en caso de ser necesario, AVANXEL mantendr\u00e1 la informaci\u00f3n bloqueada durante los plazos legalmente establecidos.<\/p>\n<p>AVANXEL se compromete al cumplimiento de su obligaci\u00f3n de secreto y confidencialidad de los datos de car\u00e1cter personal conforme a lo dispuesto en la legislaci\u00f3n aplicable.<\/p>\n<p>&nbsp;<\/p>\n<p><strong>8.- Derechos de los usuarios<\/strong><\/p>\n<p><strong>\u00a0<\/strong>Los usuarios tienen derecho a:<\/p>\n<ul>\n<li><strong>Acceder<\/strong> a sus datos personales;<\/li>\n<li>Solicitar la <strong>rectificaci\u00f3n<\/strong> de cualquier dato inexacto;<\/li>\n<li>Solicitar la <strong>supresi\u00f3n<\/strong> de sus datos;<\/li>\n<li>Solicitar que se <strong>limite el tratamiento<\/strong> de sus datos;<\/li>\n<li><strong>Oponerse<\/strong> al tratamiento de sus datos;<\/li>\n<li>Solicitar la <strong>portabilidad<\/strong> de sus datos.<\/li>\n<li>Asimismo, los Usuarios tendr\u00e1n derecho a <strong>no ser objeto de decisiones basadas \u00fanicamente en el tratamiento automatizado de datos.<\/strong><\/li>\n<\/ul>\n<p>&nbsp;<\/p>\n<p>El Usuario puede ejercer todos estos derechos en la siguiente direcci\u00f3n de correo electr\u00f3nico: avanxel@avanxel.com, indicando el motivo de su petici\u00f3n y aportando una copia de su D.N.I.<\/p>\n<p>El Usuario puede tambi\u00e9n enviar su petici\u00f3n por correo ordinario a la siguiente direcci\u00f3n: (calle Laguna del Marquesado n\u00ba 10, nave 15, 28021 Madrid)<\/p>\n<p>La comunicaci\u00f3n dirigida a AVANXEL deber\u00e1 contener la siguiente informaci\u00f3n:<\/p>\n<ul>\n<li>Nombre y apellidos del Usuario; fotocopia de su documento nacional de identidad, o de su pasaporte u otro documento v\u00e1lido que lo identifique.<\/li>\n<li>Petici\u00f3n en que se concreta la solicitud.<\/li>\n<\/ul>\n<p>Sin perjuicio de cualquier otro recurso administrativo o acci\u00f3n judicial, el Usuario tendr\u00e1 derecho a presentar una reclamaci\u00f3n ante una Autoridad de Control, en particular en el Estado miembro en el que tenga su residencia habitual, lugar de trabajo o lugar de la supuesta infracci\u00f3n, en caso de que considere que el tratamiento de sus datos personales no es adecuado a la normativa, as\u00ed como en el caso de no ver satisfecho el ejercicio de sus derechos. La autoridad de control ante la que se haya presentado la reclamaci\u00f3n informar\u00e1 al reclamante sobre el curso y el resultado de la reclamaci\u00f3n.<\/p>\n<p>&nbsp;<\/p>\n<p><strong>9.- Seguridad de datos<\/strong><\/p>\n<p>La protecci\u00f3n de la privacidad y de los datos personales de los Usuarios es muy importante para AVANXEL. Por ello, AVANXEL ha tomado todas las medidas a su alcance para evitar que sus datos sean utilizados de forma indebida, permitiendo el acceso a los mismos \u00fanicamente al personal autorizado.<\/p>\n<p>AVANXEL mantiene la seguridad adecuada para la protecci\u00f3n de los datos personales de acuerdo con la legislaci\u00f3n aplicable y ha establecido todos los medios t\u00e9cnicos a su alcance para evitar la p\u00e9rdida, mal uso, alteraci\u00f3n, acceso no autorizado y robo de los datos facilitados por el Usuario a trav\u00e9s del Sitio Web, sin perjuicio de informarle de que las medidas de seguridad en Internet no son inexpugnables.<\/p>\n<p>AVANXEL se compromete a cumplir con el deber de secreto y confidencialidad respecto a los datos de car\u00e1cter personal de acuerdo con la legislaci\u00f3n aplicable.<\/p>\n<p>En aquellos servicios del Sitio Web precisen registrarse como Usuario, se deber\u00e1 elegir una contrase\u00f1a. El Usuario es el responsable de mantener la confidencialidad de esta contrase\u00f1a, as\u00ed como de todas las actividades que ocurran en la sesi\u00f3n iniciada con su nombre y contrase\u00f1a.<\/p>\n<p>El Usuario se compromete a notificar AVANXEL a la mayor brevedad el uso no autorizado de su nombre de Usuario y\/o contrase\u00f1a o cualquier otro fallo en la seguridad. AVANXEL no ser\u00e1 responsable de los da\u00f1os y perjuicios que pudieran derivarse del incumplimiento de esta obligaci\u00f3n por parte del Usuario.<\/p>\n<p>&nbsp;<\/p>\n<p><strong>10.- Transferencias y\/o cesiones a terceros <\/strong><\/p>\n<p>Le informamos que sus datos personales no podr\u00e1n ser cedidos a terceras empresas.<\/p>\n<p>Igualmente, le informas que no se proceder\u00e1 a la realizaci\u00f3n de transferencias internacionales respecto a sus datos de car\u00e1cter personal.<\/p>\n<p>&nbsp;<\/p>\n<p><strong>11.- Preguntas<\/strong><\/p>\n<p><strong>\u00a0<\/strong>Si tiene alguna duda sobre nuestra Pol\u00edtica de Privacidad, p\u00f3ngase en contacto con nosotros enviando un correo electr\u00f3nico a: avanxel@avanxel.com<\/p>\n<p>Asimismo, si considera que sus derechos no est\u00e1n debidamente salvaguardados, tiene derecho a presentar una reclamaci\u00f3n ante la Agencia Espa\u00f1ola de Protecci\u00f3n de Datos, cuyos datos de contacto son: tel\u00e9fonos 901 100 099 y 912 663 517; direcci\u00f3n postal C\/Jorge Juan 6, 28001 Madrid; oficina electr\u00f3nica <a href=\"https:\/\/sedeagpd.gob.es\/sede-electronica-web\/\">https:\/\/sedeagpd.gob.es\/sede-electronica-web\/<\/a> y Solicitud <a href=\"http:\/\/www.agpd.es\">www.agpd.es<\/a><\/p>\n<p>&nbsp;<\/p>\n<p><strong>12.- Aceptaci\u00f3n y Consentimiento<\/strong><\/p>\n<p>El Usuario declara haber sido informado de las condiciones sobre protecci\u00f3n de datos personales, aceptando y consintiendo el tratamiento de los mismos por parte de AVANXEL, en la forma y para las finalidades indicadas en la presente Pol\u00edtica de Privacidad.<\/p>\n","protected":false},"excerpt":{"rendered":"<p>POL\u00cdTICA DE PRIVACIDAD 1.- \u00bfQui\u00e9n es el responsable del tratamiento de sus datos? El responsable del tratamiento de sus datos personales es Estetica Activa 360 S.L. (en adelante, \u201cAVANXEL\u201d), N.I.F. B42993527 y domicilio social en Laguna del Marquesado n\u00ba 10, nave 15, 28021 Madrid. La presente Pol\u00edtica de Privacidad regula el acceso y el uso [&hellip;]<\/p>\n","protected":false},"author":1,"featured_media":0,"parent":0,"menu_order":520,"comment_status":"closed","ping_status":"closed","template":"","meta":{"footnotes":""},"class_list":["post-1432","page","type-page","status-publish","hentry"],"yoast_head":"<!-- This site is optimized with the Yoast SEO plugin v26.7 - https:\/\/yoast.com\/wordpress\/plugins\/seo\/ -->\n<title>Pol\u00edtica de privacidad - Avanxel<\/title>\n<meta name=\"robots\" content=\"noindex, follow\" \/>\n<meta property=\"og:locale\" content=\"es_ES\" \/>\n<meta property=\"og:type\" content=\"article\" \/>\n<meta property=\"og:title\" content=\"Pol\u00edtica de privacidad - Avanxel\" \/>\n<meta property=\"og:description\" content=\"POL\u00cdTICA DE PRIVACIDAD 1.- \u00bfQui\u00e9n es el responsable del tratamiento de sus datos? El responsable del tratamiento de sus datos personales es Estetica Activa 360 S.L. (en adelante, \u201cAVANXEL\u201d), N.I.F. B42993527 y domicilio social en Laguna del Marquesado n\u00ba 10, nave 15, 28021 Madrid. La presente Pol\u00edtica de Privacidad regula el acceso y el uso [&hellip;]\" \/>\n<meta property=\"og:url\" content=\"https:\/\/avanxel.com\/es\/politica-de-privacidad\/\" \/>\n<meta property=\"og:site_name\" content=\"Avanxel\" \/>\n<meta property=\"article:publisher\" content=\"https:\/\/www.facebook.com\/avanxel\" \/>\n<meta property=\"article:modified_time\" content=\"2025-07-29T15:39:17+00:00\" \/>\n<meta property=\"og:image\" content=\"https:\/\/avanxel.com\/es\/wp-content\/uploads\/2025\/07\/avanxel-logo-fondo-blanco-300x300-1.png\" \/>\n\t<meta property=\"og:image:width\" content=\"300\" \/>\n\t<meta property=\"og:image:height\" content=\"300\" \/>\n\t<meta property=\"og:image:type\" content=\"image\/png\" \/>\n<meta name=\"twitter:card\" content=\"summary_large_image\" \/>\n<meta name=\"twitter:site\" content=\"@avanxel\" \/>\n<script type=\"application\/ld+json\" class=\"yoast-schema-graph\">{\"@context\":\"https:\/\/schema.org\",\"@graph\":[{\"@type\":\"WebPage\",\"@id\":\"https:\/\/avanxel.com\/es\/politica-de-privacidad\/\",\"url\":\"https:\/\/avanxel.com\/es\/politica-de-privacidad\/\",\"name\":\"Pol\u00edtica de privacidad - Avanxel\",\"isPartOf\":{\"@id\":\"https:\/\/avanxel.com\/es\/#website\"},\"datePublished\":\"2025-07-29T15:37:29+00:00\",\"dateModified\":\"2025-07-29T15:39:17+00:00\",\"breadcrumb\":{\"@id\":\"https:\/\/avanxel.com\/es\/politica-de-privacidad\/#breadcrumb\"},\"inLanguage\":\"es\",\"potentialAction\":[{\"@type\":\"ReadAction\",\"target\":[\"https:\/\/avanxel.com\/es\/politica-de-privacidad\/\"]}]},{\"@type\":\"BreadcrumbList\",\"@id\":\"https:\/\/avanxel.com\/es\/politica-de-privacidad\/#breadcrumb\",\"itemListElement\":[{\"@type\":\"ListItem\",\"position\":1,\"name\":\"Portada\",\"item\":\"https:\/\/avanxel.com\/es\/\"},{\"@type\":\"ListItem\",\"position\":2,\"name\":\"Pol\u00edtica de privacidad\"}]},{\"@type\":\"WebSite\",\"@id\":\"https:\/\/avanxel.com\/es\/#website\",\"url\":\"https:\/\/avanxel.com\/es\/\",\"name\":\"Avanxel\",\"description\":\"Aparatolog\u00eda est\u00e9tica de vanguardia\",\"publisher\":{\"@id\":\"https:\/\/avanxel.com\/es\/#organization\"},\"potentialAction\":[{\"@type\":\"SearchAction\",\"target\":{\"@type\":\"EntryPoint\",\"urlTemplate\":\"https:\/\/avanxel.com\/es\/?s={search_term_string}\"},\"query-input\":{\"@type\":\"PropertyValueSpecification\",\"valueRequired\":true,\"valueName\":\"search_term_string\"}}],\"inLanguage\":\"es\"},{\"@type\":\"Organization\",\"@id\":\"https:\/\/avanxel.com\/es\/#organization\",\"name\":\"Avanxel\",\"url\":\"https:\/\/avanxel.com\/es\/\",\"logo\":{\"@type\":\"ImageObject\",\"inLanguage\":\"es\",\"@id\":\"https:\/\/avanxel.com\/es\/#\/schema\/logo\/image\/\",\"url\":\"https:\/\/avanxel.com\/es\/wp-content\/uploads\/2021\/07\/avanxel-logo_250x150.png\",\"contentUrl\":\"https:\/\/avanxel.com\/es\/wp-content\/uploads\/2021\/07\/avanxel-logo_250x150.png\",\"width\":250,\"height\":150,\"caption\":\"Avanxel\"},\"image\":{\"@id\":\"https:\/\/avanxel.com\/es\/#\/schema\/logo\/image\/\"},\"sameAs\":[\"https:\/\/www.facebook.com\/avanxel\",\"https:\/\/x.com\/avanxel\",\"https:\/\/www.instagram.com\/avanxel_oficial\/\",\"https:\/\/www.linkedin.com\/company\/avanxel\",\"https:\/\/www.pinterest.es\/avanxel\/\"]}]}<\/script>\n<!-- \/ Yoast SEO plugin. -->","yoast_head_json":{"title":"Pol\u00edtica de privacidad - Avanxel","robots":{"index":"noindex","follow":"follow"},"og_locale":"es_ES","og_type":"article","og_title":"Pol\u00edtica de privacidad - Avanxel","og_description":"POL\u00cdTICA DE PRIVACIDAD 1.- \u00bfQui\u00e9n es el responsable del tratamiento de sus datos? El responsable del tratamiento de sus datos personales es Estetica Activa 360 S.L. (en adelante, \u201cAVANXEL\u201d), N.I.F. B42993527 y domicilio social en Laguna del Marquesado n\u00ba 10, nave 15, 28021 Madrid. La presente Pol\u00edtica de Privacidad regula el acceso y el uso [&hellip;]","og_url":"https:\/\/avanxel.com\/es\/politica-de-privacidad\/","og_site_name":"Avanxel","article_publisher":"https:\/\/www.facebook.com\/avanxel","article_modified_time":"2025-07-29T15:39:17+00:00","og_image":[{"width":300,"height":300,"url":"https:\/\/avanxel.com\/es\/wp-content\/uploads\/2025\/07\/avanxel-logo-fondo-blanco-300x300-1.png","type":"image\/png"}],"twitter_card":"summary_large_image","twitter_site":"@avanxel","schema":{"@context":"https:\/\/schema.org","@graph":[{"@type":"WebPage","@id":"https:\/\/avanxel.com\/es\/politica-de-privacidad\/","url":"https:\/\/avanxel.com\/es\/politica-de-privacidad\/","name":"Pol\u00edtica de privacidad - Avanxel","isPartOf":{"@id":"https:\/\/avanxel.com\/es\/#website"},"datePublished":"2025-07-29T15:37:29+00:00","dateModified":"2025-07-29T15:39:17+00:00","breadcrumb":{"@id":"https:\/\/avanxel.com\/es\/politica-de-privacidad\/#breadcrumb"},"inLanguage":"es","potentialAction":[{"@type":"ReadAction","target":["https:\/\/avanxel.com\/es\/politica-de-privacidad\/"]}]},{"@type":"BreadcrumbList","@id":"https:\/\/avanxel.com\/es\/politica-de-privacidad\/#breadcrumb","itemListElement":[{"@type":"ListItem","position":1,"name":"Portada","item":"https:\/\/avanxel.com\/es\/"},{"@type":"ListItem","position":2,"name":"Pol\u00edtica de privacidad"}]},{"@type":"WebSite","@id":"https:\/\/avanxel.com\/es\/#website","url":"https:\/\/avanxel.com\/es\/","name":"Avanxel","description":"Aparatolog\u00eda est\u00e9tica de vanguardia","publisher":{"@id":"https:\/\/avanxel.com\/es\/#organization"},"potentialAction":[{"@type":"SearchAction","target":{"@type":"EntryPoint","urlTemplate":"https:\/\/avanxel.com\/es\/?s={search_term_string}"},"query-input":{"@type":"PropertyValueSpecification","valueRequired":true,"valueName":"search_term_string"}}],"inLanguage":"es"},{"@type":"Organization","@id":"https:\/\/avanxel.com\/es\/#organization","name":"Avanxel","url":"https:\/\/avanxel.com\/es\/","logo":{"@type":"ImageObject","inLanguage":"es","@id":"https:\/\/avanxel.com\/es\/#\/schema\/logo\/image\/","url":"https:\/\/avanxel.com\/es\/wp-content\/uploads\/2021\/07\/avanxel-logo_250x150.png","contentUrl":"https:\/\/avanxel.com\/es\/wp-content\/uploads\/2021\/07\/avanxel-logo_250x150.png","width":250,"height":150,"caption":"Avanxel"},"image":{"@id":"https:\/\/avanxel.com\/es\/#\/schema\/logo\/image\/"},"sameAs":["https:\/\/www.facebook.com\/avanxel","https:\/\/x.com\/avanxel","https:\/\/www.instagram.com\/avanxel_oficial\/","https:\/\/www.linkedin.com\/company\/avanxel","https:\/\/www.pinterest.es\/avanxel\/"]}]}},"_links":{"self":[{"href":"https:\/\/avanxel.com\/es\/wp-json\/wp\/v2\/pages\/1432","targetHints":{"allow":["GET"]}}],"collection":[{"href":"https:\/\/avanxel.com\/es\/wp-json\/wp\/v2\/pages"}],"about":[{"href":"https:\/\/avanxel.com\/es\/wp-json\/wp\/v2\/types\/page"}],"author":[{"embeddable":true,"href":"https:\/\/avanxel.com\/es\/wp-json\/wp\/v2\/users\/1"}],"replies":[{"embeddable":true,"href":"https:\/\/avanxel.com\/es\/wp-json\/wp\/v2\/comments?post=1432"}],"version-history":[{"count":1,"href":"https:\/\/avanxel.com\/es\/wp-json\/wp\/v2\/pages\/1432\/revisions"}],"predecessor-version":[{"id":1433,"href":"https:\/\/avanxel.com\/es\/wp-json\/wp\/v2\/pages\/1432\/revisions\/1433"}],"wp:attachment":[{"href":"https:\/\/avanxel.com\/es\/wp-json\/wp\/v2\/media?parent=1432"}],"curies":[{"name":"wp","href":"https:\/\/api.w.org\/{rel}","templated":true}]}}