{"id":1434,"date":"2025-07-29T17:38:48","date_gmt":"2025-07-29T15:38:48","guid":{"rendered":"https:\/\/avanxel.com\/es\/?page_id=1434"},"modified":"2025-07-29T17:44:35","modified_gmt":"2025-07-29T15:44:35","slug":"politica-de-cookies","status":"publish","type":"page","link":"https:\/\/avanxel.com\/es\/politica-de-cookies\/","title":{"rendered":"Pol\u00edtica de cookies"},"content":{"rendered":"<p><strong>POL\u00cdTICA DE COOKIES<\/strong><\/p>\n<p>Estetica Activa 360 S.L.(en adelante, \u201c<strong><em>AVANXEL\u201d<\/em><\/strong>) informa, a trav\u00e9s de la presente Pol\u00edtica de Cookies, acerca de la utilizaci\u00f3n de dispositivos de almacenamiento y recuperaci\u00f3n de datos en equipos terminales de los Usuarios.<\/p>\n<p>&nbsp;<\/p>\n<p><strong>1.- \u00bfQu\u00e9 son las cookies?<\/strong><\/p>\n<p>Las cookies son archivos o ficheros que se descargan en el ordenador\/smartphone\/tablet del Usuario al acceder a determinadas p\u00e1ginas web y aplicaciones que permiten almacenar preferencias de la navegaci\u00f3n del Usuario, haciendo que la interacci\u00f3n entre el Usuario y el Sitio Web sea m\u00e1s r\u00e1pida y f\u00e1cil.<\/p>\n<p>La informaci\u00f3n recogida por las cookies es an\u00f3nima y no contiene ninguna informaci\u00f3n sensible ya que no recogen datos que puedan identificar personalmente al Usuario. En cualquier caso, el Usuario podr\u00e1 acceder a la configuraci\u00f3n de su navegador para modificar y\/o bloquear la instalaci\u00f3n de las Cookies enviadas desde el Sitio Web, sin que ello impida al acceso a los contenidos.<\/p>\n<p>&nbsp;<\/p>\n<p><strong>2.- \u00bfPara qu\u00e9 utiliza AVANXEL las cookies?<\/strong><\/p>\n<p>De conformidad con el art\u00edculo 22 de la Ley de Servicios de la Sociedad de la Informaci\u00f3n y Comercio Electr\u00f3nico, as\u00ed como en el Considerando (30) del Reglamento General de Protecci\u00f3n de Datos (en adelante, \u201c<strong><em>RGPD<\/em><\/strong>\u201d), el presente Sitio Web utiliza cookies u otros dispositivos de almacenamiento y recuperaci\u00f3n de informaci\u00f3n para realizar un seguimiento de las interacciones de los Usuarios con los servicios ofrecidos en el Sitio Web.<\/p>\n<p>Las\u00a0cookies\u00a0permiten reconocer el navegador de un Usuario, as\u00ed como el tipo de dispositivo desde el que se accede a el Sitio Web, y se utilizan para facilitar la pr\u00f3xima visita del Usuario y hacer que el Sitio Web resulte m\u00e1s \u00fatil.<\/p>\n<p>AVANXEL utiliza las cookies para:<\/p>\n<ul>\n<li>Optimizar la navegaci\u00f3n del Usuario mediante el seguimiento de la sesi\u00f3n.<\/li>\n<li>Recopilar informaci\u00f3n para optimizar la navegaci\u00f3n y mejorar el Sitio Web.<\/li>\n<\/ul>\n<p>&nbsp;<\/p>\n<p>A continuaci\u00f3n se puede ver el listado de Cookies que utiliza el sitio web.<\/p>\n<table>\n<thead>\n<tr>\n<th>Cookie<\/th>\n<th>Dominio<\/th>\n<th>Tipo<\/th>\n<th>Descripci\u00f3n<\/th>\n<th>Duraci\u00f3n<\/th>\n<\/tr>\n<\/thead>\n<tbody>\n<tr>\n<td>elementor<\/td>\n<td>avanxel.com<\/td>\n<td>Necesaria<\/td>\n<td>Esta cookie la utiliza el tema de WordPress del sitio web. Permite al propietario del sitio web implementar o modificar el contenido del sitio web en tiempo real.<\/td>\n<td>nunca<\/td>\n<\/tr>\n<tr>\n<td>wpEmojiSettingsSupports<\/td>\n<td>avanxel.com<\/td>\n<td>Necesaria<\/td>\n<td>WordPress establece esta cookie cuando un usuario interact\u00faa con emojis en un sitio web. Ayuda a determinar si el navegador del usuario puede mostrar emojis correctamente.<\/td>\n<td>nunca<\/td>\n<\/tr>\n<tr>\n<td>_gcl_au<\/td>\n<td>.avanxel.com<\/td>\n<td>An\u00e1lisis<\/td>\n<td>Google Tag Manager establece esta cookie para experimentar con la eficiencia publicitaria de los sitios web que utilizan sus servicios.<\/td>\n<td>3 meses<\/td>\n<\/tr>\n<tr>\n<td>_ga_*<\/td>\n<td>.avanxel.com<\/td>\n<td>An\u00e1lisis<\/td>\n<td>Google Analytics establece esta cookie para almacenar y contar las visitas a la p\u00e1gina.<\/td>\n<td>1 a\u00f1o 1 mes 4 d\u00edas<\/td>\n<\/tr>\n<tr>\n<td>_ga<\/td>\n<td>.avanxel.com<\/td>\n<td>An\u00e1lisis<\/td>\n<td>La cookie _ga, instalada por Google Analytics, calcula datos de visitantes, sesiones y campa\u00f1as, y tambi\u00e9n realiza un seguimiento del uso del sitio para el informe de an\u00e1lisis. La cookie almacena informaci\u00f3n de forma an\u00f3nima y asigna un n\u00famero generado aleatoriamente para reconocer a visitantes \u00fanicos.<\/td>\n<td>1 a\u00f1o 1 mes 4 d\u00edas<\/td>\n<\/tr>\n<tr>\n<td>_gcl_ls<\/td>\n<td>avanxel.com<\/td>\n<td>Otro<\/td>\n<td>No disponible.<\/td>\n<td>Nunca<\/td>\n<\/tr>\n<\/tbody>\n<\/table>\n<p>&nbsp;<\/p>\n<p><strong>4.- \u00bfC\u00f3mo deshabilitar las cookies?<\/strong><\/p>\n<p>Aquellas cookies que no sean obligatorias para la navegaci\u00f3n del presente Sitio Web podr\u00e1n deshabilitarse en el siguiente apartado:<\/p>\n<p><a href=\"#moove_gdpr_cookie_modal\">Ver configuraci\u00f3n de la selecci\u00f3n de cookies<\/a><\/p>\n<p>&nbsp;<\/p>\n<p>Estos ajustes se encuentran en el pie de p\u00e1gina del Sitio Web. Adem\u00e1s, todos los navegadores permiten hacer cambios para desactivar la configuraci\u00f3n de las cookies.<\/p>\n<p>Este es el motivo por el que la mayor\u00eda de los navegadores ofrecen la posibilidad de administrar las cookies, para obtener un control m\u00e1s preciso sobre la privacidad.<\/p>\n<p>Estos ajustes se encuentran ubicados en las \u00abopciones\u00bb o \u00abpreferencias\u00bb del men\u00fa de su navegador.<\/p>\n<p>A continuaci\u00f3n, podr\u00e1 encontrar los links de cada navegador para deshabilitar las cookies siguiendo las instrucciones:<\/p>\n<p><strong>Internet Explorer<\/strong>(<a href=\"https:\/\/goo.gl\/iU2wh2\">https:\/\/goo.gl\/iU2wh2<\/a> )<\/p>\n<ul>\n<li>En el men\u00fa de herramientas, selecciones \u201cOpciones de Internet\u201d.<\/li>\n<li>Haga clic en la pesta\u00f1a de privacidad.<\/li>\n<li>Podr\u00e1 configurar la privacidad con un cursor con seis posiciones que le permite controlar la cantidad de cookies que se instalar\u00e1n: Bloquear todas las cookies, Alta, Media Alto, Media (nivel por defecto), Baja y Aceptar todas las cookies.<\/li>\n<\/ul>\n<p><strong>Mozilla Firefox<\/strong>(<a href=\"http:\/\/goo.gl\/QXWYmv\">http:\/\/goo.gl\/QXWYmv<\/a>)<\/p>\n<ul>\n<li>En la parte superior de la venta de Firefox hacer clic en el men\u00fa Herramientas.<\/li>\n<li>Seleccionar Opciones.<\/li>\n<li>Seleccionar el panel Privacidad.<\/li>\n<li>En la opci\u00f3n Firefox podr\u00e1 elegir Usar una configuraci\u00f3n personalizada de su historial, as\u00ed como otras cuestiones relacionadas con su Privacidad.<\/li>\n<\/ul>\n<p><strong>Google Chrome<\/strong> (<a href=\"http:\/\/goo.gl\/fQnkSB\">http:\/\/goo.gl\/fQnkSB<\/a>)<\/p>\n<ul>\n<li>Hacer clic en el men\u00fa situado en la barra de herramientas.<\/li>\n<li>Seleccionar Configuraci\u00f3n.<\/li>\n<li>Hacer clic en Mostar opciones avanzadas.<\/li>\n<li>En la selecci\u00f3n \u201cPrivacidad\u201d hacer clic en el bot\u00f3n Configuraci\u00f3n de contenido.<\/li>\n<li>En la selecci\u00f3n de Cookies, se pueden configurar las opciones.<\/li>\n<\/ul>\n<p><strong>Safari<\/strong>(<a href=\"https:\/\/goo.gl\/PCjEm3\">https:\/\/goo.gl\/PcjEm3<\/a>)<\/p>\n<ul>\n<li>En el men\u00fa de configuraci\u00f3n seleccione la opci\u00f3n de \u201cPreferencias\u201d.<\/li>\n<li>Abra la pesta\u00f1a de privacidad.<\/li>\n<li>Seleccione la opci\u00f3n que quiera de la secci\u00f3n de \u201cbloquear cookies\u201d.<\/li>\n<li>Recuerde que ciertas funciones y la plena funcionalidad del Sitio Web pueden no estar disponibles despu\u00e9s de deshabilitar las cookies.<\/li>\n<\/ul>\n<p>Si no desea ser rastreado por las cookies, Google ha desarrollado un complemento para instalar en su navegador al que puede acceder en el siguiente enlace: \u00a0<a href=\"http:\/\/goo.gl\/up4ND\">http:\/\/goo.gl\/up4ND<\/a>.<\/p>\n<p>&nbsp;<\/p>\n<p><strong>5.- Cookies en los dispositivos m\u00f3viles<\/strong><\/p>\n<p>El Sitio Web de AVANXEL tambi\u00e9n usa cookies u otros dispositivos de almacenamiento en dispositivos m\u00f3viles.<\/p>\n<p>Aquellas cookies que no sean obligatorias para la navegaci\u00f3n del presente Sitio Web podr\u00e1n deshabilitarse en el siguiente apartado:<\/p>\n<p>&nbsp;<\/p>\n<p>[cmplz-manage-consent]<\/p>\n<p>&nbsp;<\/p>\n<p>Estos ajustes se encuentran en el pie de p\u00e1gina del Sitio Web. Adem\u00e1s, al igual que sucede en los navegadores de ordenadores, lo navegadores de los dispositivos m\u00f3viles permiten realizar cambios en las opciones o ajustes de privacidad para desactivar o eliminar las cookies.<\/p>\n<p>Si desea modificar las opciones de privacidad siga las instrucciones especificadas por el desarrollador de su navegador para dispositivo m\u00f3vil.<\/p>\n<p>A continuaci\u00f3n, podr\u00e1 encontrar algunos ejemplos de los links que le guiar\u00e1n para modificar las opciones de privacidad en su dispositivo m\u00f3vil:<\/p>\n<ul>\n<li><strong>IOS<\/strong>: (<a href=\"http:\/\/goo.gl\/61xevS\">http:\/\/goo.gl\/61xevS<\/a>)<\/li>\n<li><strong>Windows Phone<\/strong>: (<a href=\"https:\/\/goo.gl\/tKyb0y\">https:\/\/goo.gl\/tKyb0y<\/a>)<\/li>\n<li><strong>Chrome Mobile<\/strong>: (<a href=\"http:\/\/goo.gl\/XJp7N\">http:\/\/goo.gl\/XJp7N<\/a>)<\/li>\n<li><strong>Opera Mobile<\/strong>: (shorturl.at\/kvyBX)<\/li>\n<\/ul>\n<p>&nbsp;<\/p>\n<p><strong>6.- Aceptaci\u00f3n de cookies<\/strong><\/p>\n<p>El presente Sitio Web no instala nuestras cookies en los dispositivos de los Usuarios hasta que estos hayan aceptado la instalaci\u00f3n de \u00e9stas.<\/p>\n<p>Le informamos que en el caso de no aceptar la instalaci\u00f3n de cookies o de deshabilitar alguna de estas en la configuraci\u00f3n, es posible que ciertos servicios no est\u00e9n disponibles sin la utilizaci\u00f3n de estas o que no pueda acceder a determinados servicios ni tampoco aprovechar por completo todo lo que este Sitio Web le ofrece.<\/p>\n<p>&nbsp;<\/p>\n","protected":false},"excerpt":{"rendered":"<p>POL\u00cdTICA DE COOKIES Estetica Activa 360 S.L.(en adelante, \u201cAVANXEL\u201d) informa, a trav\u00e9s de la presente Pol\u00edtica de Cookies, acerca de la utilizaci\u00f3n de dispositivos de almacenamiento y recuperaci\u00f3n de datos en equipos terminales de los Usuarios. &nbsp; 1.- \u00bfQu\u00e9 son las cookies? Las cookies son archivos o ficheros que se descargan en el ordenador\/smartphone\/tablet del [&hellip;]<\/p>\n","protected":false},"author":1,"featured_media":0,"parent":0,"menu_order":530,"comment_status":"closed","ping_status":"closed","template":"","meta":{"footnotes":""},"class_list":["post-1434","page","type-page","status-publish","hentry"],"yoast_head":"<!-- This site is optimized with the Yoast SEO plugin v26.7 - https:\/\/yoast.com\/wordpress\/plugins\/seo\/ -->\n<title>Pol\u00edtica de cookies - Avanxel<\/title>\n<meta name=\"robots\" content=\"noindex, follow\" \/>\n<meta property=\"og:locale\" content=\"es_ES\" \/>\n<meta property=\"og:type\" content=\"article\" \/>\n<meta property=\"og:title\" content=\"Pol\u00edtica de cookies - Avanxel\" \/>\n<meta property=\"og:description\" content=\"POL\u00cdTICA DE COOKIES Estetica Activa 360 S.L.(en adelante, \u201cAVANXEL\u201d) informa, a trav\u00e9s de la presente Pol\u00edtica de Cookies, acerca de la utilizaci\u00f3n de dispositivos de almacenamiento y recuperaci\u00f3n de datos en equipos terminales de los Usuarios. &nbsp; 1.- \u00bfQu\u00e9 son las cookies? Las cookies son archivos o ficheros que se descargan en el ordenador\/smartphone\/tablet del [&hellip;]\" \/>\n<meta property=\"og:url\" content=\"https:\/\/avanxel.com\/es\/politica-de-cookies\/\" \/>\n<meta property=\"og:site_name\" content=\"Avanxel\" \/>\n<meta property=\"article:publisher\" content=\"https:\/\/www.facebook.com\/avanxel\" \/>\n<meta property=\"article:modified_time\" content=\"2025-07-29T15:44:35+00:00\" \/>\n<meta property=\"og:image\" content=\"https:\/\/avanxel.com\/es\/wp-content\/uploads\/2025\/07\/avanxel-logo-fondo-blanco-300x300-1.png\" \/>\n\t<meta property=\"og:image:width\" content=\"300\" \/>\n\t<meta property=\"og:image:height\" content=\"300\" \/>\n\t<meta property=\"og:image:type\" content=\"image\/png\" \/>\n<meta name=\"twitter:card\" content=\"summary_large_image\" \/>\n<meta name=\"twitter:site\" content=\"@avanxel\" \/>\n<script type=\"application\/ld+json\" class=\"yoast-schema-graph\">{\"@context\":\"https:\/\/schema.org\",\"@graph\":[{\"@type\":\"WebPage\",\"@id\":\"https:\/\/avanxel.com\/es\/politica-de-cookies\/\",\"url\":\"https:\/\/avanxel.com\/es\/politica-de-cookies\/\",\"name\":\"Pol\u00edtica de cookies - Avanxel\",\"isPartOf\":{\"@id\":\"https:\/\/avanxel.com\/es\/#website\"},\"datePublished\":\"2025-07-29T15:38:48+00:00\",\"dateModified\":\"2025-07-29T15:44:35+00:00\",\"breadcrumb\":{\"@id\":\"https:\/\/avanxel.com\/es\/politica-de-cookies\/#breadcrumb\"},\"inLanguage\":\"es\",\"potentialAction\":[{\"@type\":\"ReadAction\",\"target\":[\"https:\/\/avanxel.com\/es\/politica-de-cookies\/\"]}]},{\"@type\":\"BreadcrumbList\",\"@id\":\"https:\/\/avanxel.com\/es\/politica-de-cookies\/#breadcrumb\",\"itemListElement\":[{\"@type\":\"ListItem\",\"position\":1,\"name\":\"Portada\",\"item\":\"https:\/\/avanxel.com\/es\/\"},{\"@type\":\"ListItem\",\"position\":2,\"name\":\"Pol\u00edtica de cookies\"}]},{\"@type\":\"WebSite\",\"@id\":\"https:\/\/avanxel.com\/es\/#website\",\"url\":\"https:\/\/avanxel.com\/es\/\",\"name\":\"Avanxel\",\"description\":\"Aparatolog\u00eda est\u00e9tica de vanguardia\",\"publisher\":{\"@id\":\"https:\/\/avanxel.com\/es\/#organization\"},\"potentialAction\":[{\"@type\":\"SearchAction\",\"target\":{\"@type\":\"EntryPoint\",\"urlTemplate\":\"https:\/\/avanxel.com\/es\/?s={search_term_string}\"},\"query-input\":{\"@type\":\"PropertyValueSpecification\",\"valueRequired\":true,\"valueName\":\"search_term_string\"}}],\"inLanguage\":\"es\"},{\"@type\":\"Organization\",\"@id\":\"https:\/\/avanxel.com\/es\/#organization\",\"name\":\"Avanxel\",\"url\":\"https:\/\/avanxel.com\/es\/\",\"logo\":{\"@type\":\"ImageObject\",\"inLanguage\":\"es\",\"@id\":\"https:\/\/avanxel.com\/es\/#\/schema\/logo\/image\/\",\"url\":\"https:\/\/avanxel.com\/es\/wp-content\/uploads\/2021\/07\/avanxel-logo_250x150.png\",\"contentUrl\":\"https:\/\/avanxel.com\/es\/wp-content\/uploads\/2021\/07\/avanxel-logo_250x150.png\",\"width\":250,\"height\":150,\"caption\":\"Avanxel\"},\"image\":{\"@id\":\"https:\/\/avanxel.com\/es\/#\/schema\/logo\/image\/\"},\"sameAs\":[\"https:\/\/www.facebook.com\/avanxel\",\"https:\/\/x.com\/avanxel\",\"https:\/\/www.instagram.com\/avanxel_oficial\/\",\"https:\/\/www.linkedin.com\/company\/avanxel\",\"https:\/\/www.pinterest.es\/avanxel\/\"]}]}<\/script>\n<!-- \/ Yoast SEO plugin. -->","yoast_head_json":{"title":"Pol\u00edtica de cookies - Avanxel","robots":{"index":"noindex","follow":"follow"},"og_locale":"es_ES","og_type":"article","og_title":"Pol\u00edtica de cookies - Avanxel","og_description":"POL\u00cdTICA DE COOKIES Estetica Activa 360 S.L.(en adelante, \u201cAVANXEL\u201d) informa, a trav\u00e9s de la presente Pol\u00edtica de Cookies, acerca de la utilizaci\u00f3n de dispositivos de almacenamiento y recuperaci\u00f3n de datos en equipos terminales de los Usuarios. &nbsp; 1.- \u00bfQu\u00e9 son las cookies? Las cookies son archivos o ficheros que se descargan en el ordenador\/smartphone\/tablet del [&hellip;]","og_url":"https:\/\/avanxel.com\/es\/politica-de-cookies\/","og_site_name":"Avanxel","article_publisher":"https:\/\/www.facebook.com\/avanxel","article_modified_time":"2025-07-29T15:44:35+00:00","og_image":[{"width":300,"height":300,"url":"https:\/\/avanxel.com\/es\/wp-content\/uploads\/2025\/07\/avanxel-logo-fondo-blanco-300x300-1.png","type":"image\/png"}],"twitter_card":"summary_large_image","twitter_site":"@avanxel","schema":{"@context":"https:\/\/schema.org","@graph":[{"@type":"WebPage","@id":"https:\/\/avanxel.com\/es\/politica-de-cookies\/","url":"https:\/\/avanxel.com\/es\/politica-de-cookies\/","name":"Pol\u00edtica de cookies - Avanxel","isPartOf":{"@id":"https:\/\/avanxel.com\/es\/#website"},"datePublished":"2025-07-29T15:38:48+00:00","dateModified":"2025-07-29T15:44:35+00:00","breadcrumb":{"@id":"https:\/\/avanxel.com\/es\/politica-de-cookies\/#breadcrumb"},"inLanguage":"es","potentialAction":[{"@type":"ReadAction","target":["https:\/\/avanxel.com\/es\/politica-de-cookies\/"]}]},{"@type":"BreadcrumbList","@id":"https:\/\/avanxel.com\/es\/politica-de-cookies\/#breadcrumb","itemListElement":[{"@type":"ListItem","position":1,"name":"Portada","item":"https:\/\/avanxel.com\/es\/"},{"@type":"ListItem","position":2,"name":"Pol\u00edtica de cookies"}]},{"@type":"WebSite","@id":"https:\/\/avanxel.com\/es\/#website","url":"https:\/\/avanxel.com\/es\/","name":"Avanxel","description":"Aparatolog\u00eda est\u00e9tica de vanguardia","publisher":{"@id":"https:\/\/avanxel.com\/es\/#organization"},"potentialAction":[{"@type":"SearchAction","target":{"@type":"EntryPoint","urlTemplate":"https:\/\/avanxel.com\/es\/?s={search_term_string}"},"query-input":{"@type":"PropertyValueSpecification","valueRequired":true,"valueName":"search_term_string"}}],"inLanguage":"es"},{"@type":"Organization","@id":"https:\/\/avanxel.com\/es\/#organization","name":"Avanxel","url":"https:\/\/avanxel.com\/es\/","logo":{"@type":"ImageObject","inLanguage":"es","@id":"https:\/\/avanxel.com\/es\/#\/schema\/logo\/image\/","url":"https:\/\/avanxel.com\/es\/wp-content\/uploads\/2021\/07\/avanxel-logo_250x150.png","contentUrl":"https:\/\/avanxel.com\/es\/wp-content\/uploads\/2021\/07\/avanxel-logo_250x150.png","width":250,"height":150,"caption":"Avanxel"},"image":{"@id":"https:\/\/avanxel.com\/es\/#\/schema\/logo\/image\/"},"sameAs":["https:\/\/www.facebook.com\/avanxel","https:\/\/x.com\/avanxel","https:\/\/www.instagram.com\/avanxel_oficial\/","https:\/\/www.linkedin.com\/company\/avanxel","https:\/\/www.pinterest.es\/avanxel\/"]}]}},"_links":{"self":[{"href":"https:\/\/avanxel.com\/es\/wp-json\/wp\/v2\/pages\/1434","targetHints":{"allow":["GET"]}}],"collection":[{"href":"https:\/\/avanxel.com\/es\/wp-json\/wp\/v2\/pages"}],"about":[{"href":"https:\/\/avanxel.com\/es\/wp-json\/wp\/v2\/types\/page"}],"author":[{"embeddable":true,"href":"https:\/\/avanxel.com\/es\/wp-json\/wp\/v2\/users\/1"}],"replies":[{"embeddable":true,"href":"https:\/\/avanxel.com\/es\/wp-json\/wp\/v2\/comments?post=1434"}],"version-history":[{"count":4,"href":"https:\/\/avanxel.com\/es\/wp-json\/wp\/v2\/pages\/1434\/revisions"}],"predecessor-version":[{"id":1438,"href":"https:\/\/avanxel.com\/es\/wp-json\/wp\/v2\/pages\/1434\/revisions\/1438"}],"wp:attachment":[{"href":"https:\/\/avanxel.com\/es\/wp-json\/wp\/v2\/media?parent=1434"}],"curies":[{"name":"wp","href":"https:\/\/api.w.org\/{rel}","templated":true}]}}