{"id":261,"date":"2021-06-09T14:00:17","date_gmt":"2021-06-09T12:00:17","guid":{"rendered":"https:\/\/avanxel.com\/es\/?page_id=261"},"modified":"2025-08-04T13:56:07","modified_gmt":"2025-08-04T11:56:07","slug":"politica-de-cookies-informacion-formularios","status":"publish","type":"page","link":"https:\/\/avanxel.com\/es\/contacto\/politica-de-cookies-informacion-formularios\/","title":{"rendered":"P\u00f3litica de cookies &#8211; informaci\u00f3n formularios"},"content":{"rendered":"<table style=\"width: 450px!important; margin: auto; font-size: 0.8em;\" width=\"450\">\n<tbody>\n<tr>\n<td width=\"121\">\u00bfQu\u00e9 empresa trata tus datos?<\/td>\n<td width=\"317\">Estetica Activa S.L., (en adelante, \u201cAvanxel\u201d).<\/td>\n<\/tr>\n<tr>\n<td width=\"121\">\u00bfPor qu\u00e9 tratamos los datos que te pedimos?<\/td>\n<td width=\"317\">Tratamos tus datos para poder prestarte los servicios de Avanxel y enviarte informaci\u00f3n sobre nuestros productos y servicios <a href=\"\/politica-de-privacidad\/\" target=\"_blank\" rel=\"nofollow noopener noreferrer\"><strong>+ info<\/strong><\/a><\/td>\n<\/tr>\n<tr>\n<td width=\"121\">\u00bfCu\u00e1l es la legitimaci\u00f3n para este tratamiento de tus datos?<\/td>\n<td width=\"317\">La base de legitimaci\u00f3n es el consentimiento al tratamiento de tus datos personales, as\u00ed como la ejecuci\u00f3n de un contrato en el que el que eres parte interesada conforme a nuestra Pol\u00edtica de Privacidad <a href=\"\/politica-de-privacidad\/\" target=\"_blank\" rel=\"nofollow noopener noreferrer\"><strong>+ info<\/strong><\/a><\/td>\n<\/tr>\n<tr>\n<td width=\"121\">\u00bfSe van a hacer cesiones o transferencias con tus datos?<\/td>\n<td width=\"317\">Tus datos no podr\u00e1n cederse a terceras empresas. <a href=\"\/politica-de-privacidad\/\" target=\"_blank\" rel=\"nofollow noopener noreferrer\"><strong>+ info<\/strong><\/a><\/td>\n<\/tr>\n<tr>\n<td width=\"121\">\u00bfCu\u00e1les son mis derechos?<\/td>\n<td width=\"317\">El interesado tiene derecho a ejercitar su derecho de:\u00a0Acceso,\u00a0Rectificaci\u00f3n, Supresi\u00f3n, Oposici\u00f3n, Portabilidad de los Datos, Limitaci\u00f3n del Tratamiento, No ser objeto de decisiones automatizadas individualizadas <a href=\"\/politica-de-privacidad\/\" target=\"_blank\" rel=\"nofollow noopener noreferrer\"><strong>+ info<\/strong><\/a><\/td>\n<\/tr>\n<tr>\n<td width=\"121\">\u00bfTienes dudas?<\/td>\n<td width=\"317\">Tanto si tienes alguna duda o sugerencia como si quieres darte de baja ponte en contacto con nosotros enviando un email a la siguiente direcci\u00f3n: avanxel@avanxel.com <a href=\"\/politica-de-privacidad\/\" target=\"_blank\" rel=\"nofollow noopener noreferrer\"><strong>+ info<\/strong><\/a><\/td>\n<\/tr>\n<\/tbody>\n<\/table>\n","protected":false},"excerpt":{"rendered":"<p>\u00bfQu\u00e9 empresa trata tus datos? Estetica Activa S.L., (en adelante, \u201cAvanxel\u201d). \u00bfPor qu\u00e9 tratamos los datos que te pedimos? Tratamos tus datos para poder prestarte los servicios de Avanxel y enviarte informaci\u00f3n sobre nuestros productos y servicios + info \u00bfCu\u00e1l es la legitimaci\u00f3n para este tratamiento de tus datos? La base de legitimaci\u00f3n es el [&hellip;]<\/p>\n","protected":false},"author":1,"featured_media":0,"parent":37,"menu_order":10,"comment_status":"closed","ping_status":"closed","template":"elementor_canvas","meta":{"footnotes":""},"class_list":["post-261","page","type-page","status-publish","hentry"],"yoast_head":"<!-- This site is optimized with the Yoast SEO plugin v26.7 - https:\/\/yoast.com\/wordpress\/plugins\/seo\/ -->\n<title>P\u00f3litica de cookies - informaci\u00f3n formularios - Avanxel<\/title>\n<meta name=\"robots\" content=\"noindex, nofollow\" \/>\n<meta property=\"og:locale\" content=\"es_ES\" \/>\n<meta property=\"og:type\" content=\"article\" \/>\n<meta property=\"og:title\" content=\"P\u00f3litica de cookies - informaci\u00f3n formularios - Avanxel\" \/>\n<meta property=\"og:description\" content=\"\u00bfQu\u00e9 empresa trata tus datos? Estetica Activa S.L., (en adelante, \u201cAvanxel\u201d). \u00bfPor qu\u00e9 tratamos los datos que te pedimos? Tratamos tus datos para poder prestarte los servicios de Avanxel y enviarte informaci\u00f3n sobre nuestros productos y servicios + info \u00bfCu\u00e1l es la legitimaci\u00f3n para este tratamiento de tus datos? La base de legitimaci\u00f3n es el [&hellip;]\" \/>\n<meta property=\"og:url\" content=\"https:\/\/avanxel.com\/es\/contacto\/politica-de-cookies-informacion-formularios\/\" \/>\n<meta property=\"og:site_name\" content=\"Avanxel\" \/>\n<meta property=\"article:publisher\" content=\"https:\/\/www.facebook.com\/avanxel\" \/>\n<meta property=\"article:modified_time\" content=\"2025-08-04T11:56:07+00:00\" \/>\n<meta property=\"og:image\" content=\"https:\/\/avanxel.com\/es\/wp-content\/uploads\/2025\/07\/avanxel-logo-fondo-blanco-300x300-1.png\" \/>\n\t<meta property=\"og:image:width\" content=\"300\" \/>\n\t<meta property=\"og:image:height\" content=\"300\" \/>\n\t<meta property=\"og:image:type\" content=\"image\/png\" \/>\n<meta name=\"twitter:card\" content=\"summary_large_image\" \/>\n<meta name=\"twitter:site\" content=\"@avanxel\" \/>\n<script type=\"application\/ld+json\" class=\"yoast-schema-graph\">{\"@context\":\"https:\/\/schema.org\",\"@graph\":[{\"@type\":\"WebPage\",\"@id\":\"https:\/\/avanxel.com\/es\/contacto\/politica-de-cookies-informacion-formularios\/\",\"url\":\"https:\/\/avanxel.com\/es\/contacto\/politica-de-cookies-informacion-formularios\/\",\"name\":\"P\u00f3litica de cookies - informaci\u00f3n formularios - Avanxel\",\"isPartOf\":{\"@id\":\"https:\/\/avanxel.com\/es\/#website\"},\"datePublished\":\"2021-06-09T12:00:17+00:00\",\"dateModified\":\"2025-08-04T11:56:07+00:00\",\"breadcrumb\":{\"@id\":\"https:\/\/avanxel.com\/es\/contacto\/politica-de-cookies-informacion-formularios\/#breadcrumb\"},\"inLanguage\":\"es\",\"potentialAction\":[{\"@type\":\"ReadAction\",\"target\":[\"https:\/\/avanxel.com\/es\/contacto\/politica-de-cookies-informacion-formularios\/\"]}]},{\"@type\":\"BreadcrumbList\",\"@id\":\"https:\/\/avanxel.com\/es\/contacto\/politica-de-cookies-informacion-formularios\/#breadcrumb\",\"itemListElement\":[{\"@type\":\"ListItem\",\"position\":1,\"name\":\"Portada\",\"item\":\"https:\/\/avanxel.com\/es\/\"},{\"@type\":\"ListItem\",\"position\":2,\"name\":\"Contacto\",\"item\":\"https:\/\/avanxel.com\/es\/contacto\/\"},{\"@type\":\"ListItem\",\"position\":3,\"name\":\"P\u00f3litica de cookies &#8211; informaci\u00f3n formularios\"}]},{\"@type\":\"WebSite\",\"@id\":\"https:\/\/avanxel.com\/es\/#website\",\"url\":\"https:\/\/avanxel.com\/es\/\",\"name\":\"Avanxel\",\"description\":\"Aparatolog\u00eda est\u00e9tica de vanguardia\",\"publisher\":{\"@id\":\"https:\/\/avanxel.com\/es\/#organization\"},\"potentialAction\":[{\"@type\":\"SearchAction\",\"target\":{\"@type\":\"EntryPoint\",\"urlTemplate\":\"https:\/\/avanxel.com\/es\/?s={search_term_string}\"},\"query-input\":{\"@type\":\"PropertyValueSpecification\",\"valueRequired\":true,\"valueName\":\"search_term_string\"}}],\"inLanguage\":\"es\"},{\"@type\":\"Organization\",\"@id\":\"https:\/\/avanxel.com\/es\/#organization\",\"name\":\"Avanxel\",\"url\":\"https:\/\/avanxel.com\/es\/\",\"logo\":{\"@type\":\"ImageObject\",\"inLanguage\":\"es\",\"@id\":\"https:\/\/avanxel.com\/es\/#\/schema\/logo\/image\/\",\"url\":\"https:\/\/avanxel.com\/es\/wp-content\/uploads\/2021\/07\/avanxel-logo_250x150.png\",\"contentUrl\":\"https:\/\/avanxel.com\/es\/wp-content\/uploads\/2021\/07\/avanxel-logo_250x150.png\",\"width\":250,\"height\":150,\"caption\":\"Avanxel\"},\"image\":{\"@id\":\"https:\/\/avanxel.com\/es\/#\/schema\/logo\/image\/\"},\"sameAs\":[\"https:\/\/www.facebook.com\/avanxel\",\"https:\/\/x.com\/avanxel\",\"https:\/\/www.instagram.com\/avanxel_oficial\/\",\"https:\/\/www.linkedin.com\/company\/avanxel\",\"https:\/\/www.pinterest.es\/avanxel\/\"]}]}<\/script>\n<!-- \/ Yoast SEO plugin. -->","yoast_head_json":{"title":"P\u00f3litica de cookies - informaci\u00f3n formularios - Avanxel","robots":{"index":"noindex","follow":"nofollow"},"og_locale":"es_ES","og_type":"article","og_title":"P\u00f3litica de cookies - informaci\u00f3n formularios - Avanxel","og_description":"\u00bfQu\u00e9 empresa trata tus datos? Estetica Activa S.L., (en adelante, \u201cAvanxel\u201d). \u00bfPor qu\u00e9 tratamos los datos que te pedimos? Tratamos tus datos para poder prestarte los servicios de Avanxel y enviarte informaci\u00f3n sobre nuestros productos y servicios + info \u00bfCu\u00e1l es la legitimaci\u00f3n para este tratamiento de tus datos? La base de legitimaci\u00f3n es el [&hellip;]","og_url":"https:\/\/avanxel.com\/es\/contacto\/politica-de-cookies-informacion-formularios\/","og_site_name":"Avanxel","article_publisher":"https:\/\/www.facebook.com\/avanxel","article_modified_time":"2025-08-04T11:56:07+00:00","og_image":[{"width":300,"height":300,"url":"https:\/\/avanxel.com\/es\/wp-content\/uploads\/2025\/07\/avanxel-logo-fondo-blanco-300x300-1.png","type":"image\/png"}],"twitter_card":"summary_large_image","twitter_site":"@avanxel","schema":{"@context":"https:\/\/schema.org","@graph":[{"@type":"WebPage","@id":"https:\/\/avanxel.com\/es\/contacto\/politica-de-cookies-informacion-formularios\/","url":"https:\/\/avanxel.com\/es\/contacto\/politica-de-cookies-informacion-formularios\/","name":"P\u00f3litica de cookies - informaci\u00f3n formularios - Avanxel","isPartOf":{"@id":"https:\/\/avanxel.com\/es\/#website"},"datePublished":"2021-06-09T12:00:17+00:00","dateModified":"2025-08-04T11:56:07+00:00","breadcrumb":{"@id":"https:\/\/avanxel.com\/es\/contacto\/politica-de-cookies-informacion-formularios\/#breadcrumb"},"inLanguage":"es","potentialAction":[{"@type":"ReadAction","target":["https:\/\/avanxel.com\/es\/contacto\/politica-de-cookies-informacion-formularios\/"]}]},{"@type":"BreadcrumbList","@id":"https:\/\/avanxel.com\/es\/contacto\/politica-de-cookies-informacion-formularios\/#breadcrumb","itemListElement":[{"@type":"ListItem","position":1,"name":"Portada","item":"https:\/\/avanxel.com\/es\/"},{"@type":"ListItem","position":2,"name":"Contacto","item":"https:\/\/avanxel.com\/es\/contacto\/"},{"@type":"ListItem","position":3,"name":"P\u00f3litica de cookies &#8211; informaci\u00f3n formularios"}]},{"@type":"WebSite","@id":"https:\/\/avanxel.com\/es\/#website","url":"https:\/\/avanxel.com\/es\/","name":"Avanxel","description":"Aparatolog\u00eda est\u00e9tica de vanguardia","publisher":{"@id":"https:\/\/avanxel.com\/es\/#organization"},"potentialAction":[{"@type":"SearchAction","target":{"@type":"EntryPoint","urlTemplate":"https:\/\/avanxel.com\/es\/?s={search_term_string}"},"query-input":{"@type":"PropertyValueSpecification","valueRequired":true,"valueName":"search_term_string"}}],"inLanguage":"es"},{"@type":"Organization","@id":"https:\/\/avanxel.com\/es\/#organization","name":"Avanxel","url":"https:\/\/avanxel.com\/es\/","logo":{"@type":"ImageObject","inLanguage":"es","@id":"https:\/\/avanxel.com\/es\/#\/schema\/logo\/image\/","url":"https:\/\/avanxel.com\/es\/wp-content\/uploads\/2021\/07\/avanxel-logo_250x150.png","contentUrl":"https:\/\/avanxel.com\/es\/wp-content\/uploads\/2021\/07\/avanxel-logo_250x150.png","width":250,"height":150,"caption":"Avanxel"},"image":{"@id":"https:\/\/avanxel.com\/es\/#\/schema\/logo\/image\/"},"sameAs":["https:\/\/www.facebook.com\/avanxel","https:\/\/x.com\/avanxel","https:\/\/www.instagram.com\/avanxel_oficial\/","https:\/\/www.linkedin.com\/company\/avanxel","https:\/\/www.pinterest.es\/avanxel\/"]}]}},"_links":{"self":[{"href":"https:\/\/avanxel.com\/es\/wp-json\/wp\/v2\/pages\/261","targetHints":{"allow":["GET"]}}],"collection":[{"href":"https:\/\/avanxel.com\/es\/wp-json\/wp\/v2\/pages"}],"about":[{"href":"https:\/\/avanxel.com\/es\/wp-json\/wp\/v2\/types\/page"}],"author":[{"embeddable":true,"href":"https:\/\/avanxel.com\/es\/wp-json\/wp\/v2\/users\/1"}],"replies":[{"embeddable":true,"href":"https:\/\/avanxel.com\/es\/wp-json\/wp\/v2\/comments?post=261"}],"version-history":[{"count":3,"href":"https:\/\/avanxel.com\/es\/wp-json\/wp\/v2\/pages\/261\/revisions"}],"predecessor-version":[{"id":1483,"href":"https:\/\/avanxel.com\/es\/wp-json\/wp\/v2\/pages\/261\/revisions\/1483"}],"up":[{"embeddable":true,"href":"https:\/\/avanxel.com\/es\/wp-json\/wp\/v2\/pages\/37"}],"wp:attachment":[{"href":"https:\/\/avanxel.com\/es\/wp-json\/wp\/v2\/media?parent=261"}],"curies":[{"name":"wp","href":"https:\/\/api.w.org\/{rel}","templated":true}]}}